{"id":81,"date":"2022-01-19T19:40:39","date_gmt":"2022-01-19T19:40:39","guid":{"rendered":"https:\/\/fischerruedi.ch\/?page_id=81"},"modified":"2023-03-25T16:18:04","modified_gmt":"2023-03-25T16:18:04","slug":"links","status":"publish","type":"page","link":"https:\/\/www.fischerruedi.ch\/?page_id=81","title":{"rendered":"Links"},"content":{"rendered":"\n<p><a href=\"http:\/\/www.hofbergli.ch\" data-type=\"URL\" data-id=\"http:\/\/www.hofbergli.ch\" target=\"_blank\" rel=\"noreferrer noopener\">Bergwirtschaft Hofbergli<\/a><\/p>\n\n\n\n<p><a rel=\"noreferrer noopener\" href=\"https:\/\/www.baetterkinden.ch\/de\/herzlichwillkommen\/\" data-type=\"URL\" data-id=\"https:\/\/www.baetterkinden.ch\/de\/herzlichwillkommen\/\" target=\"_blank\">Gemeinde B\u00e4tterkinden<\/a><\/p>\n\n\n\n<p><a href=\"http:\/\/dorfchaesi-utzenstorf.ch\" data-type=\"URL\" data-id=\"http:\/\/dorfchaesi-utzenstorf.ch\" target=\"_blank\" rel=\"noreferrer noopener\">Dorfch\u00e4si Utzenstorf<\/a><\/p>\n\n\n\n<p><a data-type=\"URL\" data-id=\"https:\/\/www.peterbudi.ch\" rel=\"noreferrer noopener\" href=\"https:\/\/www.peterbudi.ch\" target=\"_blank\">Luftaufnahmen R\u00f6thlisberger<\/a><\/p>\n\n\n\n<p><a href=\"https:\/\/kartoffelproduzenten.ch\/de\/\" target=\"_blank\" rel=\"noreferrer noopener\">Vereinigung Schweizerischer Kartoffelproduzenten<\/a><\/p>\n\n\n\n<p><a rel=\"noreferrer noopener\" href=\"https:\/\/www.kartoffel.ch\" data-type=\"URL\" data-id=\"https:\/\/www.kartoffel.ch\" target=\"_blank\">swisspatat &#8211; Branchenorganisation Schweizer Kartoffel<\/a><\/p>\n\n\n\n<p><a href=\"https:\/\/www.bernerbauern.ch\/de-ch\/\" data-type=\"URL\" data-id=\"https:\/\/www.bernerbauern.ch\/de-ch\/\" target=\"_blank\" rel=\"noreferrer noopener\">Berner Bauern Verband<\/a><\/p>\n\n\n\n<p><a href=\"https:\/\/svp-emmental.ch\/unser-wahlkreis\" data-type=\"URL\" data-id=\"https:\/\/svp-emmental.ch\/unser-wahlkreis\" target=\"_blank\" rel=\"noreferrer noopener\">SVP Emmental<\/a><\/p>\n\n\n\n<p><a href=\"https:\/\/www.svp-bern.ch\/aktuell\/termine\/kantonale-wahlen\/\" data-type=\"URL\" data-id=\"https:\/\/www.svp-bern.ch\/aktuell\/termine\/kantonale-wahlen\/\" target=\"_blank\" rel=\"noreferrer noopener\">SVP Kanton Bern<\/a><\/p>\n\n\n\n<p><\/p>\n","protected":false},"excerpt":{"rendered":"<p>Bergwirtschaft Hofbergli Gemeinde B\u00e4tterkinden Dorfch\u00e4si Utzenstorf Luftaufnahmen R\u00f6thlisberger Vereinigung Schweizerischer Kartoffelproduzenten swisspatat &#8211; Branchenorganisation Schweizer Kartoffel Berner Bauern Verband SVP Emmental SVP Kanton Bern<\/p>\n","protected":false},"author":1,"featured_media":0,"parent":0,"menu_order":0,"comment_status":"closed","ping_status":"closed","template":"","meta":{"_et_pb_use_builder":"","_et_pb_old_content":"","_et_gb_content_width":"1080","footnotes":""},"class_list":["post-81","page","type-page","status-publish","hentry"],"yoast_head":"<!-- This site is optimized with the Yoast SEO plugin v27.4 - https:\/\/yoast.com\/product\/yoast-seo-wordpress\/ -->\n<title>Links - Fischer Ruedi<\/title>\n<meta name=\"description\" content=\"Fischer Ruedi Links Fischer Ruedi Grossratswahl B\u00e4tterkinden SVP Untere Emme Landwirt Grossratswahlen 2022 kanton bern Politik bern\" \/>\n<meta name=\"robots\" content=\"index, follow, max-snippet:-1, max-image-preview:large, max-video-preview:-1\" \/>\n<link rel=\"canonical\" href=\"https:\/\/www.fischerruedi.ch\/?page_id=81\" \/>\n<meta property=\"og:locale\" content=\"de_DE\" \/>\n<meta property=\"og:type\" content=\"article\" \/>\n<meta property=\"og:title\" content=\"Links - Fischer Ruedi\" \/>\n<meta property=\"og:description\" content=\"Fischer Ruedi Links Fischer Ruedi Grossratswahl B\u00e4tterkinden SVP Untere Emme Landwirt Grossratswahlen 2022 kanton bern Politik bern\" \/>\n<meta property=\"og:url\" content=\"https:\/\/www.fischerruedi.ch\/?page_id=81\" \/>\n<meta property=\"og:site_name\" content=\"Fischer Ruedi\" \/>\n<meta property=\"article:modified_time\" content=\"2023-03-25T16:18:04+00:00\" \/>\n<meta name=\"twitter:card\" content=\"summary_large_image\" \/>\n<meta name=\"twitter:label1\" content=\"Gesch\u00e4tzte Lesezeit\" \/>\n\t<meta name=\"twitter:data1\" content=\"1\u00a0Minute\" \/>\n<script type=\"application\/ld+json\" class=\"yoast-schema-graph\">{\"@context\":\"https:\\\/\\\/schema.org\",\"@graph\":[{\"@type\":\"WebPage\",\"@id\":\"https:\\\/\\\/www.fischerruedi.ch\\\/?page_id=81\",\"url\":\"https:\\\/\\\/www.fischerruedi.ch\\\/?page_id=81\",\"name\":\"Links - Fischer Ruedi\",\"isPartOf\":{\"@id\":\"https:\\\/\\\/www.fischerruedi.ch\\\/#website\"},\"datePublished\":\"2022-01-19T19:40:39+00:00\",\"dateModified\":\"2023-03-25T16:18:04+00:00\",\"description\":\"Fischer Ruedi Links Fischer Ruedi Grossratswahl B\u00e4tterkinden SVP Untere Emme Landwirt Grossratswahlen 2022 kanton bern Politik bern\",\"breadcrumb\":{\"@id\":\"https:\\\/\\\/www.fischerruedi.ch\\\/?page_id=81#breadcrumb\"},\"inLanguage\":\"de\",\"potentialAction\":[{\"@type\":\"ReadAction\",\"target\":[\"https:\\\/\\\/www.fischerruedi.ch\\\/?page_id=81\"]}]},{\"@type\":\"BreadcrumbList\",\"@id\":\"https:\\\/\\\/www.fischerruedi.ch\\\/?page_id=81#breadcrumb\",\"itemListElement\":[{\"@type\":\"ListItem\",\"position\":1,\"name\":\"Startseite\",\"item\":\"https:\\\/\\\/www.fischerruedi.ch\\\/\"},{\"@type\":\"ListItem\",\"position\":2,\"name\":\"Links\"}]},{\"@type\":\"WebSite\",\"@id\":\"https:\\\/\\\/www.fischerruedi.ch\\\/#website\",\"url\":\"https:\\\/\\\/www.fischerruedi.ch\\\/\",\"name\":\"Fischer Ruedi\",\"description\":\"Grossrat Kanton Bern\",\"publisher\":{\"@id\":\"https:\\\/\\\/www.fischerruedi.ch\\\/#organization\"},\"potentialAction\":[{\"@type\":\"SearchAction\",\"target\":{\"@type\":\"EntryPoint\",\"urlTemplate\":\"https:\\\/\\\/www.fischerruedi.ch\\\/?s={search_term_string}\"},\"query-input\":{\"@type\":\"PropertyValueSpecification\",\"valueRequired\":true,\"valueName\":\"search_term_string\"}}],\"inLanguage\":\"de\"},{\"@type\":\"Organization\",\"@id\":\"https:\\\/\\\/www.fischerruedi.ch\\\/#organization\",\"name\":\"Fischer Ruedi\",\"url\":\"https:\\\/\\\/www.fischerruedi.ch\\\/\",\"logo\":{\"@type\":\"ImageObject\",\"inLanguage\":\"de\",\"@id\":\"https:\\\/\\\/www.fischerruedi.ch\\\/#\\\/schema\\\/logo\\\/image\\\/\",\"url\":\"https:\\\/\\\/www.fischerruedi.ch\\\/wp-content\\\/uploads\\\/2022\\\/01\\\/Hohlraum_plakat_Ruedi.jpg\",\"contentUrl\":\"https:\\\/\\\/www.fischerruedi.ch\\\/wp-content\\\/uploads\\\/2022\\\/01\\\/Hohlraum_plakat_Ruedi.jpg\",\"width\":1200,\"height\":1714,\"caption\":\"Fischer Ruedi\"},\"image\":{\"@id\":\"https:\\\/\\\/www.fischerruedi.ch\\\/#\\\/schema\\\/logo\\\/image\\\/\"}}]}<\/script>\n<!-- \/ Yoast SEO plugin. -->","yoast_head_json":{"title":"Links - Fischer Ruedi","description":"Fischer Ruedi Links Fischer Ruedi Grossratswahl B\u00e4tterkinden SVP Untere Emme Landwirt Grossratswahlen 2022 kanton bern Politik bern","robots":{"index":"index","follow":"follow","max-snippet":"max-snippet:-1","max-image-preview":"max-image-preview:large","max-video-preview":"max-video-preview:-1"},"canonical":"https:\/\/www.fischerruedi.ch\/?page_id=81","og_locale":"de_DE","og_type":"article","og_title":"Links - Fischer Ruedi","og_description":"Fischer Ruedi Links Fischer Ruedi Grossratswahl B\u00e4tterkinden SVP Untere Emme Landwirt Grossratswahlen 2022 kanton bern Politik bern","og_url":"https:\/\/www.fischerruedi.ch\/?page_id=81","og_site_name":"Fischer Ruedi","article_modified_time":"2023-03-25T16:18:04+00:00","twitter_card":"summary_large_image","twitter_misc":{"Gesch\u00e4tzte Lesezeit":"1\u00a0Minute"},"schema":{"@context":"https:\/\/schema.org","@graph":[{"@type":"WebPage","@id":"https:\/\/www.fischerruedi.ch\/?page_id=81","url":"https:\/\/www.fischerruedi.ch\/?page_id=81","name":"Links - Fischer Ruedi","isPartOf":{"@id":"https:\/\/www.fischerruedi.ch\/#website"},"datePublished":"2022-01-19T19:40:39+00:00","dateModified":"2023-03-25T16:18:04+00:00","description":"Fischer Ruedi Links Fischer Ruedi Grossratswahl B\u00e4tterkinden SVP Untere Emme Landwirt Grossratswahlen 2022 kanton bern Politik bern","breadcrumb":{"@id":"https:\/\/www.fischerruedi.ch\/?page_id=81#breadcrumb"},"inLanguage":"de","potentialAction":[{"@type":"ReadAction","target":["https:\/\/www.fischerruedi.ch\/?page_id=81"]}]},{"@type":"BreadcrumbList","@id":"https:\/\/www.fischerruedi.ch\/?page_id=81#breadcrumb","itemListElement":[{"@type":"ListItem","position":1,"name":"Startseite","item":"https:\/\/www.fischerruedi.ch\/"},{"@type":"ListItem","position":2,"name":"Links"}]},{"@type":"WebSite","@id":"https:\/\/www.fischerruedi.ch\/#website","url":"https:\/\/www.fischerruedi.ch\/","name":"Fischer Ruedi","description":"Grossrat Kanton Bern","publisher":{"@id":"https:\/\/www.fischerruedi.ch\/#organization"},"potentialAction":[{"@type":"SearchAction","target":{"@type":"EntryPoint","urlTemplate":"https:\/\/www.fischerruedi.ch\/?s={search_term_string}"},"query-input":{"@type":"PropertyValueSpecification","valueRequired":true,"valueName":"search_term_string"}}],"inLanguage":"de"},{"@type":"Organization","@id":"https:\/\/www.fischerruedi.ch\/#organization","name":"Fischer Ruedi","url":"https:\/\/www.fischerruedi.ch\/","logo":{"@type":"ImageObject","inLanguage":"de","@id":"https:\/\/www.fischerruedi.ch\/#\/schema\/logo\/image\/","url":"https:\/\/www.fischerruedi.ch\/wp-content\/uploads\/2022\/01\/Hohlraum_plakat_Ruedi.jpg","contentUrl":"https:\/\/www.fischerruedi.ch\/wp-content\/uploads\/2022\/01\/Hohlraum_plakat_Ruedi.jpg","width":1200,"height":1714,"caption":"Fischer Ruedi"},"image":{"@id":"https:\/\/www.fischerruedi.ch\/#\/schema\/logo\/image\/"}}]}},"_links":{"self":[{"href":"https:\/\/www.fischerruedi.ch\/index.php?rest_route=\/wp\/v2\/pages\/81","targetHints":{"allow":["GET"]}}],"collection":[{"href":"https:\/\/www.fischerruedi.ch\/index.php?rest_route=\/wp\/v2\/pages"}],"about":[{"href":"https:\/\/www.fischerruedi.ch\/index.php?rest_route=\/wp\/v2\/types\/page"}],"author":[{"embeddable":true,"href":"https:\/\/www.fischerruedi.ch\/index.php?rest_route=\/wp\/v2\/users\/1"}],"replies":[{"embeddable":true,"href":"https:\/\/www.fischerruedi.ch\/index.php?rest_route=%2Fwp%2Fv2%2Fcomments&post=81"}],"version-history":[{"count":21,"href":"https:\/\/www.fischerruedi.ch\/index.php?rest_route=\/wp\/v2\/pages\/81\/revisions"}],"predecessor-version":[{"id":353,"href":"https:\/\/www.fischerruedi.ch\/index.php?rest_route=\/wp\/v2\/pages\/81\/revisions\/353"}],"wp:attachment":[{"href":"https:\/\/www.fischerruedi.ch\/index.php?rest_route=%2Fwp%2Fv2%2Fmedia&parent=81"}],"curies":[{"name":"wp","href":"https:\/\/api.w.org\/{rel}","templated":true}]}}