{"id":178,"date":"2022-01-24T14:00:12","date_gmt":"2022-01-24T14:00:12","guid":{"rendered":"https:\/\/fischerruedi.ch\/?page_id=178"},"modified":"2026-02-06T13:17:21","modified_gmt":"2026-02-06T13:17:21","slug":"unser-betrieb","status":"publish","type":"page","link":"https:\/\/www.fischerruedi.ch\/?page_id=178","title":{"rendered":"Unser Betrieb"},"content":{"rendered":"<p>[et_pb_section fb_built=&#8220;1&#8243; fullwidth=&#8220;on&#8220; _builder_version=&#8220;4.20.2&#8243; _module_preset=&#8220;default&#8220; da_disable_devices=&#8220;off|off|off&#8220; global_colors_info=&#8220;{}&#8220; da_is_popup=&#8220;off&#8220; da_exit_intent=&#8220;off&#8220; da_has_close=&#8220;on&#8220; da_alt_close=&#8220;off&#8220; da_dark_close=&#8220;off&#8220; da_not_modal=&#8220;on&#8220; da_is_singular=&#8220;off&#8220; da_with_loader=&#8220;off&#8220; da_has_shadow=&#8220;on&#8220;][et_pb_fullwidth_image src=&#8220;https:\/\/www.fischerruedi.ch\/wp-content\/uploads\/2023\/06\/hof-fischer-header_betrieb.jpg&#8220; title_text=&#8220;hof-fischer-header_betrieb&#8220; _builder_version=&#8220;4.20.2&#8243; _module_preset=&#8220;default&#8220; global_colors_info=&#8220;{}&#8220;][\/et_pb_fullwidth_image][\/et_pb_section][et_pb_section fb_built=&#8220;1&#8243; _builder_version=&#8220;4.20.2&#8243; _module_preset=&#8220;default&#8220; da_disable_devices=&#8220;off|off|off&#8220; global_colors_info=&#8220;{}&#8220; da_is_popup=&#8220;off&#8220; da_exit_intent=&#8220;off&#8220; da_has_close=&#8220;on&#8220; da_alt_close=&#8220;off&#8220; da_dark_close=&#8220;off&#8220; da_not_modal=&#8220;on&#8220; da_is_singular=&#8220;off&#8220; da_with_loader=&#8220;off&#8220; da_has_shadow=&#8220;on&#8220;][et_pb_row _builder_version=&#8220;4.20.2&#8243; _module_preset=&#8220;default&#8220; global_colors_info=&#8220;{}&#8220;][et_pb_column type=&#8220;4_4&#8243; _builder_version=&#8220;4.20.2&#8243; _module_preset=&#8220;default&#8220; global_colors_info=&#8220;{}&#8220;][et_pb_text _builder_version=&#8220;4.20.2&#8243; _module_preset=&#8220;default&#8220; global_colors_info=&#8220;{}&#8220;]<\/p>\n<h1 style=\"text-align: center;\">Unser Betrieb<\/h1>\n<p>[\/et_pb_text][\/et_pb_column][\/et_pb_row][et_pb_row column_structure=&#8220;2_5,3_5&#8243; _builder_version=&#8220;4.20.2&#8243; _module_preset=&#8220;default&#8220; global_colors_info=&#8220;{}&#8220;][et_pb_column type=&#8220;2_5&#8243; _builder_version=&#8220;4.20.2&#8243; _module_preset=&#8220;default&#8220; global_colors_info=&#8220;{}&#8220;][et_pb_image src=&#8220;https:\/\/www.fischerruedi.ch\/wp-content\/uploads\/2022\/01\/Luftbild-Hof2.jpg&#8220; title_text=&#8220;Luftbild-Hof2&#8243; _builder_version=&#8220;4.20.2&#8243; _module_preset=&#8220;default&#8220; border_radii=&#8220;on|15px|15px|15px|15px&#8220; global_colors_info=&#8220;{}&#8220;][\/et_pb_image][\/et_pb_column][et_pb_column type=&#8220;3_5&#8243; _builder_version=&#8220;4.20.2&#8243; _module_preset=&#8220;default&#8220; global_colors_info=&#8220;{}&#8220;][et_pb_text _builder_version=&#8220;4.20.2&#8243; _module_preset=&#8220;default&#8220; hover_enabled=&#8220;0&#8243; global_colors_info=&#8220;{}&#8220; sticky_enabled=&#8220;0&#8243;]<\/p>\n<h3><\/h3>\n<h3>Landwirtschaftsbetrieb<br \/>in B\u00e4tterkinden, Kr\u00e4iligen und Utzenstorf<\/h3>\n<div class=\"wp-block-media-text alignwide is-stacked-on-mobile is-vertically-aligned-top\">\n<div class=\"wp-block-media-text__content\">\n<p>Gebr\u00fcder Gemeinschaft seit 1996 (Ruedi und Samuel Fischer) und seit 2025 Betriebsgemeinschaft mit Stefan Lanz<\/p>\n<\/div>\n<\/div>\n<ul>\n<li class=\"has-text-align-left\">Seit \u00fcber 25 Jahre bilden wir Landwirtschaftliche Lehrlinge aus<\/li>\n<li class=\"has-text-align-left\">95 ha Landwirtschaftliche Nutzfl\u00e4che und 17 ha Wald davon<br \/>23 ha Kunstwiese<br \/>8 ha Naturwiese<br \/>6 ha Weide<br \/>18 ha Kartoffeln<br \/>20 ha Getreide<br \/>4 ha Konsumerbsen und Verarbeitungsbohnen<br \/>8 ha Mais<br \/>4 ha Raps<br \/>8 ha \u00f6kologische Ausgleichsfl\u00e4che<\/li>\n<li class=\"has-text-align-left\">75 Milchk\u00fche &#8211; Seit 2023 werden unsere K\u00fche von einem Melkroboter gemolken.<\/li>\n<li class=\"has-text-align-left\">Jungvieh im Aufzuchtvertrag im Jura und Emmental<\/li>\n<li class=\"has-text-align-left\">Milchmenge 590&#8217;000 Liter in K\u00e4serei Landshut, Produktion von Emmentaler und weiteren Spezialit\u00e4ten<\/li>\n<\/ul>\n<p>[\/et_pb_text][\/et_pb_column][\/et_pb_row][et_pb_row _builder_version=&#8220;4.20.2&#8243; _module_preset=&#8220;default&#8220; global_colors_info=&#8220;{}&#8220;][et_pb_column type=&#8220;4_4&#8243; _builder_version=&#8220;4.20.2&#8243; _module_preset=&#8220;default&#8220; global_colors_info=&#8220;{}&#8220;][et_pb_divider _builder_version=&#8220;4.20.2&#8243; _module_preset=&#8220;default&#8220; global_colors_info=&#8220;{}&#8220;][\/et_pb_divider][\/et_pb_column][\/et_pb_row][et_pb_row column_structure=&#8220;2_5,3_5&#8243; _builder_version=&#8220;4.20.2&#8243; _module_preset=&#8220;default&#8220; global_colors_info=&#8220;{}&#8220;][et_pb_column type=&#8220;2_5&#8243; _builder_version=&#8220;4.20.2&#8243; _module_preset=&#8220;default&#8220; global_colors_info=&#8220;{}&#8220;][et_pb_image src=&#8220;https:\/\/www.fischerruedi.ch\/wp-content\/uploads\/2022\/02\/biogasanlage-peterbudi-800px.jpg&#8220; title_text=&#8220;biogasanlage-peterbudi-800px&#8220; _builder_version=&#8220;4.20.2&#8243; _module_preset=&#8220;default&#8220; border_radii=&#8220;on|15px|15px|15px|15px&#8220; global_colors_info=&#8220;{}&#8220;][\/et_pb_image][\/et_pb_column][et_pb_column type=&#8220;3_5&#8243; _builder_version=&#8220;4.20.2&#8243; _module_preset=&#8220;default&#8220; global_colors_info=&#8220;{}&#8220;][et_pb_text _builder_version=&#8220;4.20.2&#8243; _module_preset=&#8220;default&#8220; global_colors_info=&#8220;{}&#8220;]<\/p>\n<div class=\"wp-block-media-text alignwide is-stacked-on-mobile is-vertically-aligned-top\">\n<div class=\"wp-block-media-text__content\">\n<h3>Fischer Agri GmbH<br \/>Biogasanlage und Lohnarbeiten<\/h3>\n<p>Als Mitbesitzer betreiben wir im Nebenerwerb eine Biogasanlage.<\/p>\n<\/div>\n<\/div>\n<ul>\n<li>Leistung: 450 kWh (Stromproduktion f\u00fcr ca. 1&#8217;000 Haushalte)<\/li>\n<li>Es werden ein Teil unserer Kuhg\u00fclle und Abfallprodukte verwertet (Mist, Getreide, Karotten, Kartoffeln, Obst, etc.)<\/li>\n<\/ul>\n<p>[\/et_pb_text][\/et_pb_column][\/et_pb_row][et_pb_row _builder_version=&#8220;4.20.2&#8243; _module_preset=&#8220;default&#8220; global_colors_info=&#8220;{}&#8220;][et_pb_column type=&#8220;4_4&#8243; _builder_version=&#8220;4.20.2&#8243; _module_preset=&#8220;default&#8220; global_colors_info=&#8220;{}&#8220;][et_pb_divider _builder_version=&#8220;4.20.2&#8243; _module_preset=&#8220;default&#8220; global_colors_info=&#8220;{}&#8220;][\/et_pb_divider][\/et_pb_column][\/et_pb_row][et_pb_row column_structure=&#8220;2_5,3_5&#8243; _builder_version=&#8220;4.20.2&#8243; _module_preset=&#8220;default&#8220; global_colors_info=&#8220;{}&#8220;][et_pb_column type=&#8220;2_5&#8243; _builder_version=&#8220;4.20.2&#8243; _module_preset=&#8220;default&#8220; global_colors_info=&#8220;{}&#8220;][et_pb_image src=&#8220;https:\/\/www.fischerruedi.ch\/wp-content\/uploads\/2023\/03\/kkw-fischer.jpeg&#8220; title_text=&#8220;kkw-fischer&#8220; _builder_version=&#8220;4.20.2&#8243; _module_preset=&#8220;default&#8220; border_radii=&#8220;on|15px|15px|15px|15px&#8220; global_colors_info=&#8220;{}&#8220;][\/et_pb_image][\/et_pb_column][et_pb_column type=&#8220;3_5&#8243; _builder_version=&#8220;4.20.2&#8243; _module_preset=&#8220;default&#8220; global_colors_info=&#8220;{}&#8220;][et_pb_text _builder_version=&#8220;4.20.2&#8243; _module_preset=&#8220;default&#8220; global_colors_info=&#8220;{}&#8220;]<\/p>\n<h3>Kleinstwasserkraftwerk<\/h3>\n<ul>\n<li>Baujahr: 1925 (restauriert 1996)<\/li>\n<li>Leistung: 3 kWh<\/li>\n<li>Technologie: Francis-Turbine<\/li>\n<\/ul>\n<p>[\/et_pb_text][\/et_pb_column][\/et_pb_row][et_pb_row _builder_version=&#8220;4.20.2&#8243; _module_preset=&#8220;default&#8220; global_colors_info=&#8220;{}&#8220;][et_pb_column type=&#8220;4_4&#8243; _builder_version=&#8220;4.20.2&#8243; _module_preset=&#8220;default&#8220; global_colors_info=&#8220;{}&#8220;][et_pb_divider _builder_version=&#8220;4.20.2&#8243; _module_preset=&#8220;default&#8220; global_colors_info=&#8220;{}&#8220;][\/et_pb_divider][\/et_pb_column][\/et_pb_row][et_pb_row column_structure=&#8220;2_5,3_5&#8243; _builder_version=&#8220;4.20.2&#8243; _module_preset=&#8220;default&#8220; global_colors_info=&#8220;{}&#8220;][et_pb_column type=&#8220;2_5&#8243; _builder_version=&#8220;4.20.2&#8243; _module_preset=&#8220;default&#8220; global_colors_info=&#8220;{}&#8220;][et_pb_image src=&#8220;https:\/\/www.fischerruedi.ch\/wp-content\/uploads\/2023\/08\/hofbergli2@2x.jpg&#8220; title_text=&#8220;hofbergli2@2x&#8220; _builder_version=&#8220;4.20.2&#8243; _module_preset=&#8220;default&#8220; border_radii=&#8220;on|15px|15px|15px|15px&#8220; global_colors_info=&#8220;{}&#8220;][\/et_pb_image][\/et_pb_column][et_pb_column type=&#8220;3_5&#8243; _builder_version=&#8220;4.20.2&#8243; _module_preset=&#8220;default&#8220; global_colors_info=&#8220;{}&#8220;][et_pb_text _builder_version=&#8220;4.20.2&#8243; _module_preset=&#8220;default&#8220; global_colors_info=&#8220;{}&#8220;]<\/p>\n<h3>Hofbergli<\/h3>\n<ul>\n<li>Das<span>\u00a0<\/span><a href=\"https:\/\/bergwirtschaft.hofbergli.ch\" target=\"_blank\" rel=\"noreferrer noopener\">Hofbergli<span>\u00a0<\/span><\/a>liegt im sch\u00f6nen Solothurner Jura gleich rechts neben Weissenstein und Balmberg.<\/li>\n<li>Es ist ein S\u00f6mmerungsbetrieb mit 42 ha Gesamtfl\u00e4che davon rund 20 ha Nutzfl\u00e4che, Rest Wald und Fels<\/li>\n<li>Im Sommer sind ca. 50 Rinder auf der Alp.<\/li>\n<li>Vor 12 Jahren habe ich das Bergli von meinen Eltern \u00fcbernommen.<\/li>\n<li>Das Hofbergli ist verpachtet. Zum Betrieb geh\u00f6rt eine kleine Gastwirtschaft.<\/li>\n<\/ul>\n<p>Ein Besuch lohnt sich.[\/et_pb_text][\/et_pb_column][\/et_pb_row][\/et_pb_section]<\/p>\n","protected":false},"excerpt":{"rendered":"<p>Unser Betrieb Landwirtschaftsbetriebin B\u00e4tterkinden, Kr\u00e4iligen und Utzenstorf Gebr\u00fcder Gemeinschaft seit 1996 (Ruedi und Samuel Fischer) und seit 2025 Betriebsgemeinschaft mit Stefan Lanz Seit \u00fcber 25 Jahre bilden wir Landwirtschaftliche Lehrlinge aus 95 ha Landwirtschaftliche Nutzfl\u00e4che und 17 ha Wald davon23 ha Kunstwiese8 ha Naturwiese6 ha Weide18 ha Kartoffeln20 ha Getreide4 ha Konsumerbsen und Verarbeitungsbohnen8 ha Mais4 ha Raps8 ha \u00f6kologische Ausgleichsfl\u00e4che 75 Milchk\u00fche &#8211; Seit 2023 werden unsere K\u00fche von einem Melkroboter gemolken. Jungvieh im Aufzuchtvertrag im Jura und Emmental Milchmenge 590&#8217;000 Liter in K\u00e4serei Landshut, Produktion von Emmentaler und weiteren Spezialit\u00e4ten Fischer Agri GmbHBiogasanlage und Lohnarbeiten Als Mitbesitzer betreiben wir im Nebenerwerb eine Biogasanlage. Leistung: 450 kWh (Stromproduktion f\u00fcr ca. 1&#8217;000 Haushalte) Es werden ein Teil unserer Kuhg\u00fclle und Abfallprodukte verwertet (Mist, Getreide, Karotten, Kartoffeln, Obst, etc.) Kleinstwasserkraftwerk Baujahr: 1925 (restauriert 1996) Leistung: 3 kWh Technologie: Francis-Turbine Hofbergli Das\u00a0Hofbergli\u00a0liegt im sch\u00f6nen Solothurner Jura gleich rechts neben Weissenstein und Balmberg. Es ist ein S\u00f6mmerungsbetrieb mit 42 ha Gesamtfl\u00e4che davon rund 20 ha Nutzfl\u00e4che, Rest Wald und Fels Im Sommer sind ca. 50 Rinder auf der Alp. Vor 12 Jahren habe ich das Bergli von meinen Eltern \u00fcbernommen. Das Hofbergli ist verpachtet. Zum Betrieb geh\u00f6rt eine kleine Gastwirtschaft. Ein Besuch lohnt [&hellip;]<\/p>\n","protected":false},"author":1,"featured_media":0,"parent":0,"menu_order":0,"comment_status":"closed","ping_status":"closed","template":"","meta":{"_et_pb_use_builder":"on","_et_pb_old_content":"<!-- wp:media-text {\"mediaId\":179,\"mediaLink\":\"https:\/\/www.fischerruedi.ch\/?attachment_id=179\",\"mediaType\":\"image\",\"verticalAlignment\":\"top\"} -->\n<div class=\"wp-block-media-text alignwide is-stacked-on-mobile is-vertically-aligned-top\"><figure class=\"wp-block-media-text__media\"><img src=\"https:\/\/www.fischerruedi.ch\/wp-content\/uploads\/2022\/01\/Luftbild-Hof2-1024x576.jpg\" alt=\"\" class=\"wp-image-179 size-full\"\/><\/figure><div class=\"wp-block-media-text__content\"><!-- wp:paragraph -->\n<p><strong>Landwirtschaftsbetrieb <\/strong><br><strong>in B\u00e4tterkinden, Kr\u00e4iligen und Utzenstorf&nbsp;&nbsp;<\/strong>&nbsp;&nbsp;&nbsp;&nbsp;&nbsp;&nbsp;&nbsp;&nbsp;&nbsp;<\/p>\n<!-- \/wp:paragraph -->\n\n<!-- wp:paragraph -->\n<p>&nbsp;&nbsp;&nbsp;&nbsp;&nbsp;&nbsp;&nbsp;&nbsp;&nbsp;&nbsp;&nbsp;&nbsp;&nbsp;&nbsp;&nbsp;&nbsp;&nbsp;&nbsp;&nbsp;&nbsp;&nbsp;&nbsp;&nbsp;&nbsp;&nbsp;&nbsp;&nbsp;&nbsp;&nbsp;&nbsp;&nbsp;&nbsp;&nbsp;&nbsp;&nbsp;&nbsp;&nbsp;&nbsp;&nbsp;&nbsp;&nbsp;&nbsp;&nbsp;&nbsp;&nbsp;&nbsp;&nbsp;&nbsp;&nbsp;&nbsp;&nbsp;&nbsp;&nbsp;&nbsp;&nbsp;&nbsp;&nbsp;&nbsp;&nbsp;&nbsp;&nbsp;&nbsp;&nbsp;&nbsp;&nbsp;&nbsp;&nbsp;&nbsp;&nbsp;&nbsp;&nbsp;&nbsp;&nbsp;&nbsp;&nbsp;&nbsp;&nbsp;&nbsp;&nbsp;&nbsp;&nbsp;&nbsp; Gebr\u00fcder Gemeinschaft seit 1996 (Ruedi und Samuel Fischer)&nbsp;&nbsp;&nbsp;&nbsp;&nbsp;&nbsp;&nbsp;&nbsp;&nbsp;&nbsp;&nbsp;&nbsp;&nbsp;&nbsp;&nbsp;&nbsp;&nbsp;&nbsp;&nbsp;&nbsp;&nbsp;&nbsp;&nbsp;&nbsp;&nbsp;&nbsp;&nbsp;&nbsp;&nbsp;&nbsp;&nbsp;&nbsp;&nbsp;&nbsp;&nbsp;&nbsp;&nbsp;&nbsp;&nbsp;&nbsp;&nbsp;&nbsp;&nbsp;&nbsp;&nbsp;&nbsp;&nbsp;&nbsp;&nbsp;&nbsp;&nbsp;&nbsp;&nbsp;&nbsp;&nbsp;&nbsp;&nbsp;&nbsp;&nbsp;&nbsp;&nbsp;&nbsp;&nbsp;&nbsp;&nbsp;&nbsp;&nbsp;&nbsp;&nbsp;&nbsp;&nbsp;&nbsp;&nbsp;&nbsp;&nbsp;&nbsp;&nbsp;&nbsp;&nbsp;&nbsp;&nbsp;&nbsp;&nbsp;&nbsp;&nbsp;&nbsp;&nbsp;&nbsp;&nbsp;&nbsp;&nbsp;&nbsp;&nbsp;&nbsp; <\/p>\n<!-- \/wp:paragraph --><\/div><\/div>\n<!-- \/wp:media-text -->\n\n<!-- wp:paragraph {\"align\":\"left\"} -->\n<p class=\"has-text-align-left\">- Seit \u00fcber 25 Jahre bilden wir Landwirtschaftliche Lehrlinge aus<br>- 65 ha Landwirtschaftliche Nutzfl\u00e4che und 17 ha Wald davon<br>23 ha Kunstwiese<br>6 ha Weide<br>14 ha Kartoffeln<br>12 ha Getreide <br>4 ha Konsumerbsen<br>3 ha Mais<br>3 ha \u00f6kologische Ausgleichsfl\u00e4che<br>- 75 Milchk\u00fche<br>- Jungvieh im Aufzuchtvertrag im Jura und Emmental <br>- Milchmenge 590 000 Liter in K\u00e4serei Landshut, Produktion von Emmentaler und weiteren Spezialit\u00e4ten<\/p>\n<!-- \/wp:paragraph -->\n\n<!-- wp:separator {\"opacity\":\"css\"} -->\n<hr class=\"wp-block-separator has-css-opacity\"\/>\n<!-- \/wp:separator -->\n\n<!-- wp:media-text {\"mediaId\":259,\"mediaLink\":\"https:\/\/www.fischerruedi.ch\/?attachment_id=259\",\"mediaType\":\"image\",\"verticalAlignment\":\"top\"} -->\n<div class=\"wp-block-media-text alignwide is-stacked-on-mobile is-vertically-aligned-top\"><figure class=\"wp-block-media-text__media\"><img src=\"https:\/\/www.fischerruedi.ch\/wp-content\/uploads\/2022\/02\/biogasanlage-peterbudi-800px.jpg\" alt=\"\" class=\"wp-image-259 size-full\"\/><\/figure><div class=\"wp-block-media-text__content\"><!-- wp:paragraph -->\n<p><strong>Fischer Agri GmbH, Biogasanlage und Lohnarbeiten<\/strong><\/p>\n<!-- \/wp:paragraph -->\n\n<!-- wp:paragraph -->\n<p>Als Mitbesitzer betreiben mein Bruder und ich im Nebenerwerb eine Biogasanlage.<\/p>\n<!-- \/wp:paragraph --><\/div><\/div>\n<!-- \/wp:media-text -->\n\n<!-- wp:paragraph -->\n<p>- Leistung: 330 kWh (Stromproduktion f\u00fcr ca. 600 Haushalte)<br>- Es werden ein Teil unserer Kuhg\u00fclle und Abfallprodukte verwertet (Mist, Getreide, Karotten, Kartoffeln, Obst, etc.)<\/p>\n<!-- \/wp:paragraph -->\n\n<!-- wp:separator {\"opacity\":\"css\"} -->\n<hr class=\"wp-block-separator has-css-opacity\"\/>\n<!-- \/wp:separator -->\n\n<!-- wp:media-text {\"mediaId\":256,\"mediaLink\":\"https:\/\/www.fischerruedi.ch\/?attachment_id=256\",\"mediaType\":\"image\",\"verticalAlignment\":\"top\"} -->\n<div class=\"wp-block-media-text alignwide is-stacked-on-mobile is-vertically-aligned-top\"><figure class=\"wp-block-media-text__media\"><img src=\"https:\/\/www.fischerruedi.ch\/wp-content\/uploads\/2022\/02\/kkw-fischer-768x1024.jpg\" alt=\"\" class=\"wp-image-256 size-full\"\/><\/figure><div class=\"wp-block-media-text__content\"><!-- wp:paragraph -->\n<p><strong>Kleinstwasserkraftwerk<\/strong><\/p>\n<!-- \/wp:paragraph -->\n\n<!-- wp:paragraph -->\n<p>- Baujahr: 1925 (restauriert 1996)<br>- Leistung: 3 kWh<br>- Technologie: Francis-Turbine<\/p>\n<!-- \/wp:paragraph --><\/div><\/div>\n<!-- \/wp:media-text -->\n\n<!-- wp:separator {\"opacity\":\"css\"} -->\n<hr class=\"wp-block-separator has-css-opacity\"\/>\n<!-- \/wp:separator -->\n\n<!-- wp:media-text {\"mediaId\":261,\"mediaLink\":\"https:\/\/www.fischerruedi.ch\/?attachment_id=261\",\"mediaType\":\"image\",\"verticalAlignment\":\"top\"} -->\n<div class=\"wp-block-media-text alignwide is-stacked-on-mobile is-vertically-aligned-top\"><figure class=\"wp-block-media-text__media\"><img src=\"https:\/\/www.fischerruedi.ch\/wp-content\/uploads\/2022\/02\/Luftbild_Hofbergli2.jpg\" alt=\"\" class=\"wp-image-261 size-full\"\/><\/figure><div class=\"wp-block-media-text__content\"><!-- wp:paragraph -->\n<p><strong>Hofbergli<\/strong><\/p>\n<!-- \/wp:paragraph --><\/div><\/div>\n<!-- \/wp:media-text -->\n\n<!-- wp:paragraph -->\n<p>- Das <a href=\"http:\/\/www.hofbergli.ch\/\" target=\"_blank\" rel=\"noreferrer noopener\">Hofbergli <\/a>liegt im sch\u00f6nen Solothurner Jura gleich rechts neben Weissenstein und Balmberg.<br>- Es ist ein S\u00f6mmerungsbetrieb mit 42 ha Gesamtfl\u00e4che davon rund 20 ha Nutzfl\u00e4che, Rest Wald und Fels<br>- Im Sommer sind ca. 50 Rinder auf der Alp.<br>- Vor 12 Jahren habe ich das Bergli von meinen Eltern \u00fcbernommen.&nbsp;<br>- Das Hofbergli ist verpachtet. Zum Betrieb geh\u00f6rt eine kleine Gastwirtschaft. <\/p>\n<!-- \/wp:paragraph -->\n\n<!-- wp:paragraph -->\n<p>Ein Besuch lohnt sich.<\/p>\n<!-- \/wp:paragraph -->","_et_gb_content_width":"1080","footnotes":""},"class_list":["post-178","page","type-page","status-publish","hentry"],"yoast_head":"<!-- This site is optimized with the Yoast SEO plugin v27.5 - https:\/\/yoast.com\/product\/yoast-seo-wordpress\/ -->\n<title>Unser Betrieb - Fischer Ruedi<\/title>\n<meta name=\"description\" content=\"Fischer Ruedi Unser Betrieb Fischer Ruedi Grossratswahl B\u00e4tterkinden SVP Untere Emme Landwirt Grossratswahlen 2022 kanton bern Politik bern\" \/>\n<meta name=\"robots\" content=\"index, follow, max-snippet:-1, max-image-preview:large, max-video-preview:-1\" \/>\n<link rel=\"canonical\" href=\"https:\/\/www.fischerruedi.ch\/?page_id=178\" \/>\n<meta property=\"og:locale\" content=\"de_DE\" \/>\n<meta property=\"og:type\" content=\"article\" \/>\n<meta property=\"og:title\" content=\"Unser Betrieb - Fischer Ruedi\" \/>\n<meta property=\"og:description\" content=\"Fischer Ruedi Unser Betrieb Fischer Ruedi Grossratswahl B\u00e4tterkinden SVP Untere Emme Landwirt Grossratswahlen 2022 kanton bern Politik bern\" \/>\n<meta property=\"og:url\" content=\"https:\/\/www.fischerruedi.ch\/?page_id=178\" \/>\n<meta property=\"og:site_name\" content=\"Fischer Ruedi\" \/>\n<meta property=\"article:modified_time\" content=\"2026-02-06T13:17:21+00:00\" \/>\n<meta name=\"twitter:card\" content=\"summary_large_image\" \/>\n<meta name=\"twitter:label1\" content=\"Gesch\u00e4tzte Lesezeit\" \/>\n\t<meta name=\"twitter:data1\" content=\"2\u00a0Minuten\" \/>\n<script type=\"application\/ld+json\" class=\"yoast-schema-graph\">{\"@context\":\"https:\\\/\\\/schema.org\",\"@graph\":[{\"@type\":\"WebPage\",\"@id\":\"https:\\\/\\\/www.fischerruedi.ch\\\/?page_id=178\",\"url\":\"https:\\\/\\\/www.fischerruedi.ch\\\/?page_id=178\",\"name\":\"Unser Betrieb - Fischer Ruedi\",\"isPartOf\":{\"@id\":\"https:\\\/\\\/www.fischerruedi.ch\\\/#website\"},\"datePublished\":\"2022-01-24T14:00:12+00:00\",\"dateModified\":\"2026-02-06T13:17:21+00:00\",\"description\":\"Fischer Ruedi Unser Betrieb Fischer Ruedi Grossratswahl B\u00e4tterkinden SVP Untere Emme Landwirt Grossratswahlen 2022 kanton bern Politik bern\",\"breadcrumb\":{\"@id\":\"https:\\\/\\\/www.fischerruedi.ch\\\/?page_id=178#breadcrumb\"},\"inLanguage\":\"de\",\"potentialAction\":[{\"@type\":\"ReadAction\",\"target\":[\"https:\\\/\\\/www.fischerruedi.ch\\\/?page_id=178\"]}]},{\"@type\":\"BreadcrumbList\",\"@id\":\"https:\\\/\\\/www.fischerruedi.ch\\\/?page_id=178#breadcrumb\",\"itemListElement\":[{\"@type\":\"ListItem\",\"position\":1,\"name\":\"Startseite\",\"item\":\"https:\\\/\\\/www.fischerruedi.ch\\\/\"},{\"@type\":\"ListItem\",\"position\":2,\"name\":\"Unser Betrieb\"}]},{\"@type\":\"WebSite\",\"@id\":\"https:\\\/\\\/www.fischerruedi.ch\\\/#website\",\"url\":\"https:\\\/\\\/www.fischerruedi.ch\\\/\",\"name\":\"Fischer Ruedi\",\"description\":\"Grossrat Kanton Bern\",\"publisher\":{\"@id\":\"https:\\\/\\\/www.fischerruedi.ch\\\/#organization\"},\"potentialAction\":[{\"@type\":\"SearchAction\",\"target\":{\"@type\":\"EntryPoint\",\"urlTemplate\":\"https:\\\/\\\/www.fischerruedi.ch\\\/?s={search_term_string}\"},\"query-input\":{\"@type\":\"PropertyValueSpecification\",\"valueRequired\":true,\"valueName\":\"search_term_string\"}}],\"inLanguage\":\"de\"},{\"@type\":\"Organization\",\"@id\":\"https:\\\/\\\/www.fischerruedi.ch\\\/#organization\",\"name\":\"Fischer Ruedi\",\"url\":\"https:\\\/\\\/www.fischerruedi.ch\\\/\",\"logo\":{\"@type\":\"ImageObject\",\"inLanguage\":\"de\",\"@id\":\"https:\\\/\\\/www.fischerruedi.ch\\\/#\\\/schema\\\/logo\\\/image\\\/\",\"url\":\"https:\\\/\\\/www.fischerruedi.ch\\\/wp-content\\\/uploads\\\/2022\\\/01\\\/Hohlraum_plakat_Ruedi.jpg\",\"contentUrl\":\"https:\\\/\\\/www.fischerruedi.ch\\\/wp-content\\\/uploads\\\/2022\\\/01\\\/Hohlraum_plakat_Ruedi.jpg\",\"width\":1200,\"height\":1714,\"caption\":\"Fischer Ruedi\"},\"image\":{\"@id\":\"https:\\\/\\\/www.fischerruedi.ch\\\/#\\\/schema\\\/logo\\\/image\\\/\"}}]}<\/script>\n<!-- \/ Yoast SEO plugin. -->","yoast_head_json":{"title":"Unser Betrieb - Fischer Ruedi","description":"Fischer Ruedi Unser Betrieb Fischer Ruedi Grossratswahl B\u00e4tterkinden SVP Untere Emme Landwirt Grossratswahlen 2022 kanton bern Politik bern","robots":{"index":"index","follow":"follow","max-snippet":"max-snippet:-1","max-image-preview":"max-image-preview:large","max-video-preview":"max-video-preview:-1"},"canonical":"https:\/\/www.fischerruedi.ch\/?page_id=178","og_locale":"de_DE","og_type":"article","og_title":"Unser Betrieb - Fischer Ruedi","og_description":"Fischer Ruedi Unser Betrieb Fischer Ruedi Grossratswahl B\u00e4tterkinden SVP Untere Emme Landwirt Grossratswahlen 2022 kanton bern Politik bern","og_url":"https:\/\/www.fischerruedi.ch\/?page_id=178","og_site_name":"Fischer Ruedi","article_modified_time":"2026-02-06T13:17:21+00:00","twitter_card":"summary_large_image","twitter_misc":{"Gesch\u00e4tzte Lesezeit":"2\u00a0Minuten"},"schema":{"@context":"https:\/\/schema.org","@graph":[{"@type":"WebPage","@id":"https:\/\/www.fischerruedi.ch\/?page_id=178","url":"https:\/\/www.fischerruedi.ch\/?page_id=178","name":"Unser Betrieb - Fischer Ruedi","isPartOf":{"@id":"https:\/\/www.fischerruedi.ch\/#website"},"datePublished":"2022-01-24T14:00:12+00:00","dateModified":"2026-02-06T13:17:21+00:00","description":"Fischer Ruedi Unser Betrieb Fischer Ruedi Grossratswahl B\u00e4tterkinden SVP Untere Emme Landwirt Grossratswahlen 2022 kanton bern Politik bern","breadcrumb":{"@id":"https:\/\/www.fischerruedi.ch\/?page_id=178#breadcrumb"},"inLanguage":"de","potentialAction":[{"@type":"ReadAction","target":["https:\/\/www.fischerruedi.ch\/?page_id=178"]}]},{"@type":"BreadcrumbList","@id":"https:\/\/www.fischerruedi.ch\/?page_id=178#breadcrumb","itemListElement":[{"@type":"ListItem","position":1,"name":"Startseite","item":"https:\/\/www.fischerruedi.ch\/"},{"@type":"ListItem","position":2,"name":"Unser Betrieb"}]},{"@type":"WebSite","@id":"https:\/\/www.fischerruedi.ch\/#website","url":"https:\/\/www.fischerruedi.ch\/","name":"Fischer Ruedi","description":"Grossrat Kanton Bern","publisher":{"@id":"https:\/\/www.fischerruedi.ch\/#organization"},"potentialAction":[{"@type":"SearchAction","target":{"@type":"EntryPoint","urlTemplate":"https:\/\/www.fischerruedi.ch\/?s={search_term_string}"},"query-input":{"@type":"PropertyValueSpecification","valueRequired":true,"valueName":"search_term_string"}}],"inLanguage":"de"},{"@type":"Organization","@id":"https:\/\/www.fischerruedi.ch\/#organization","name":"Fischer Ruedi","url":"https:\/\/www.fischerruedi.ch\/","logo":{"@type":"ImageObject","inLanguage":"de","@id":"https:\/\/www.fischerruedi.ch\/#\/schema\/logo\/image\/","url":"https:\/\/www.fischerruedi.ch\/wp-content\/uploads\/2022\/01\/Hohlraum_plakat_Ruedi.jpg","contentUrl":"https:\/\/www.fischerruedi.ch\/wp-content\/uploads\/2022\/01\/Hohlraum_plakat_Ruedi.jpg","width":1200,"height":1714,"caption":"Fischer Ruedi"},"image":{"@id":"https:\/\/www.fischerruedi.ch\/#\/schema\/logo\/image\/"}}]}},"_links":{"self":[{"href":"https:\/\/www.fischerruedi.ch\/index.php?rest_route=\/wp\/v2\/pages\/178","targetHints":{"allow":["GET"]}}],"collection":[{"href":"https:\/\/www.fischerruedi.ch\/index.php?rest_route=\/wp\/v2\/pages"}],"about":[{"href":"https:\/\/www.fischerruedi.ch\/index.php?rest_route=\/wp\/v2\/types\/page"}],"author":[{"embeddable":true,"href":"https:\/\/www.fischerruedi.ch\/index.php?rest_route=\/wp\/v2\/users\/1"}],"replies":[{"embeddable":true,"href":"https:\/\/www.fischerruedi.ch\/index.php?rest_route=%2Fwp%2Fv2%2Fcomments&post=178"}],"version-history":[{"count":28,"href":"https:\/\/www.fischerruedi.ch\/index.php?rest_route=\/wp\/v2\/pages\/178\/revisions"}],"predecessor-version":[{"id":277934,"href":"https:\/\/www.fischerruedi.ch\/index.php?rest_route=\/wp\/v2\/pages\/178\/revisions\/277934"}],"wp:attachment":[{"href":"https:\/\/www.fischerruedi.ch\/index.php?rest_route=%2Fwp%2Fv2%2Fmedia&parent=178"}],"curies":[{"name":"wp","href":"https:\/\/api.w.org\/{rel}","templated":true}]}}