{"id":149,"date":"2022-01-20T19:25:41","date_gmt":"2022-01-20T19:25:41","guid":{"rendered":"https:\/\/fischerruedi.ch\/?page_id=149"},"modified":"2025-05-02T08:58:40","modified_gmt":"2025-05-02T08:58:40","slug":"kontakt","status":"publish","type":"page","link":"https:\/\/www.fischerruedi.ch\/?page_id=149","title":{"rendered":"Kontakt"},"content":{"rendered":"<p>[et_pb_section fb_built=&#8220;1&#8243; fullwidth=&#8220;on&#8220; admin_label=&#8220;Sektion&#8220; _builder_version=&#8220;4.20.2&#8243; _module_preset=&#8220;default&#8220; da_disable_devices=&#8220;off|off|off&#8220; global_colors_info=&#8220;{}&#8220; da_is_popup=&#8220;off&#8220; da_exit_intent=&#8220;off&#8220; da_has_close=&#8220;on&#8220; da_alt_close=&#8220;off&#8220; da_dark_close=&#8220;off&#8220; da_not_modal=&#8220;on&#8220; da_is_singular=&#8220;off&#8220; da_with_loader=&#8220;off&#8220; da_has_shadow=&#8220;on&#8220;][et_pb_fullwidth_image src=&#8220;https:\/\/www.fischerruedi.ch\/wp-content\/uploads\/2023\/06\/ruedi_fischer_header_kontakt.jpg&#8220; title_text=&#8220;ruedi_fischer_header_kontakt&#8220; _builder_version=&#8220;4.20.2&#8243; _module_preset=&#8220;default&#8220; global_colors_info=&#8220;{}&#8220;][\/et_pb_fullwidth_image][\/et_pb_section][et_pb_section fb_built=&#8220;1&#8243; admin_label=&#8220;section&#8220; _builder_version=&#8220;4.16&#8243; custom_padding=&#8220;||0px|||&#8220; da_disable_devices=&#8220;off|off|off&#8220; global_colors_info=&#8220;{}&#8220; da_is_popup=&#8220;off&#8220; da_exit_intent=&#8220;off&#8220; da_has_close=&#8220;on&#8220; da_alt_close=&#8220;off&#8220; da_dark_close=&#8220;off&#8220; da_not_modal=&#8220;on&#8220; da_is_singular=&#8220;off&#8220; da_with_loader=&#8220;off&#8220; da_has_shadow=&#8220;on&#8220;][et_pb_row _builder_version=&#8220;4.20.2&#8243; _module_preset=&#8220;default&#8220; global_colors_info=&#8220;{}&#8220;][et_pb_column type=&#8220;4_4&#8243; _builder_version=&#8220;4.20.2&#8243; _module_preset=&#8220;default&#8220; global_colors_info=&#8220;{}&#8220;][et_pb_blurb title=&#8220;Deine Meinung interessiert mich&#8220; use_icon=&#8220;on&#8220; font_icon=&#8220;&#xf4ad;||fa||400&#8243; icon_color=&#8220;#FFFFFF&#8220; admin_label=&#8220;Informationstext&#8220; _builder_version=&#8220;4.20.2&#8243; _module_preset=&#8220;default&#8220; header_text_color=&#8220;#FFFFFF&#8220; background_color=&#8220;#008072&#8243; custom_padding=&#8220;15px|5px|15px|5px|false|false&#8220; border_radii=&#8220;on|15px|15px|15px|15px&#8220; global_colors_info=&#8220;{}&#8220;]<\/p>\n<p><span style=\"color: #ffffff;\">Ganz nach meinem Motto &#8222;Zersch z\u00e4m\u00e4 rede&#8220; suche ich den pers\u00f6nlichen Kontakt. Schreibe mir oder rufe mich an, ich freue mich, von dir zu h\u00f6ren.<\/span><\/p>\n<p><span style=\"color: #ffffff;\"><\/span><\/p>\n<p>[\/et_pb_blurb][\/et_pb_column][\/et_pb_row][et_pb_row _builder_version=&#8220;4.20.2&#8243; _module_preset=&#8220;default&#8220; global_colors_info=&#8220;{}&#8220;][et_pb_column type=&#8220;4_4&#8243; _builder_version=&#8220;4.20.2&#8243; _module_preset=&#8220;default&#8220; global_colors_info=&#8220;{}&#8220;][et_pb_social_media_follow admin_label=&#8220;Social Media&#8220; _builder_version=&#8220;4.20.2&#8243; _module_preset=&#8220;default&#8220; text_orientation=&#8220;center&#8220; custom_margin=&#8220;||||false|false&#8220; custom_padding=&#8220;||||false|false&#8220; border_radii=&#8220;on|15px|15px|15px|15px&#8220; global_colors_info=&#8220;{}&#8220;][et_pb_social_media_follow_network social_network=&#8220;facebook&#8220; url=&#8220;https:\/\/www.facebook.com\/profile.php?id=100090822204700&#8243; use_icon_font_size=&#8220;on&#8220; icon_font_size=&#8220;30px&#8220; _builder_version=&#8220;4.20.2&#8243; _module_preset=&#8220;default&#8220; background_color=&#8220;#008072&#8243; background_enable_color=&#8220;on&#8220; custom_button=&#8220;on&#8220; button_text_size=&#8220;1px&#8220; button_text_color=&#8220;#FFFFFF&#8220; button_bg_color=&#8220;#008072&#8243; global_colors_info=&#8220;{}&#8220; follow_button=&#8220;off&#8220; url_new_window=&#8220;on&#8220;]facebook[\/et_pb_social_media_follow_network][et_pb_social_media_follow_network social_network=&#8220;instagram&#8220; url=&#8220;https:\/\/www.instagram.com\/fischer_ruedi\/&#8220; use_icon_font_size=&#8220;on&#8220; icon_font_size=&#8220;30px&#8220; _builder_version=&#8220;4.20.2&#8243; _module_preset=&#8220;default&#8220; background_color=&#8220;#008072&#8243; background_enable_color=&#8220;on&#8220; global_colors_info=&#8220;{}&#8220; follow_button=&#8220;off&#8220; url_new_window=&#8220;on&#8220;]instagram[\/et_pb_social_media_follow_network][et_pb_social_media_follow_network social_network=&#8220;linkedin&#8220; url=&#8220;https:\/\/www.linkedin.com\/in\/ruedi-fischer-42547626b\/&#8220; use_icon_font_size=&#8220;on&#8220; icon_font_size=&#8220;30px&#8220; _builder_version=&#8220;4.20.2&#8243; _module_preset=&#8220;default&#8220; background_color=&#8220;#008072&#8243; background_enable_color=&#8220;on&#8220; global_colors_info=&#8220;{}&#8220; follow_button=&#8220;off&#8220; url_new_window=&#8220;on&#8220;]linkedin[\/et_pb_social_media_follow_network][\/et_pb_social_media_follow][\/et_pb_column][\/et_pb_row][et_pb_row _builder_version=&#8220;4.20.2&#8243; _module_preset=&#8220;default&#8220; global_colors_info=&#8220;{}&#8220;][et_pb_column type=&#8220;4_4&#8243; _builder_version=&#8220;4.20.2&#8243; _module_preset=&#8220;default&#8220; global_colors_info=&#8220;{}&#8220;][et_pb_contact_form use_spam_service=&#8220;on&#8220; recaptcha_list=&#8220;Fischer Ruedi|Fischer Ruedi-0&#8243; email=&#8220;ruedi@rvfischer.ch&#8220; custom_message=&#8220;Hoi Ruedi||et_pb_line_break_holder||||et_pb_line_break_holder||\u00dcber deine Webseite hat %%Vorname%% %%Name%% folgende Nachricht gesendet:||et_pb_line_break_holder||||et_pb_line_break_holder||%%Message%%||et_pb_line_break_holder||||et_pb_line_break_holder||Hier die Kontaktangaben:||et_pb_line_break_holder||Vorname\/Name: %%Vorname%% %%Name%%||et_pb_line_break_holder||E-Mail: %%Email%%||et_pb_line_break_holder||Telefon: %%Telefon%%||et_pb_line_break_holder||||et_pb_line_break_holder||Bitte beantworte dieses Anliegen.||et_pb_line_break_holder||Liebe Gr\u00fcsse||et_pb_line_break_holder||Tinu||et_pb_line_break_holder||||et_pb_line_break_holder||Diese Mail wurde automatisch aufgrund des Kontaktformulares auf www.fischerruedi.ch erstellt.&#8220; success_message=&#8220;Vielen Dank f\u00fcr deine Nachricht!&#8220; admin_label=&#8220;Kontaktformular&#8220; _builder_version=&#8220;4.20.2&#8243; _module_preset=&#8220;default&#8220; _unique_id=&#8220;f3ffb57b-1e3d-4fb9-863a-e6cb86d71b2c&#8220; form_field_text_color=&#8220;rgba(0,0,0,0.59)&#8220; custom_button=&#8220;on&#8220; button_text_color=&#8220;#FFFFFF&#8220; button_bg_color=&#8220;#008072&#8243; button_border_radius=&#8220;15px&#8220; global_colors_info=&#8220;{}&#8220;][et_pb_contact_field field_id=&#8220;Vorname&#8220; field_title=&#8220;Vorname&#8220; _builder_version=&#8220;4.20.2&#8243; global_colors_info=&#8220;{}&#8220; button_text_size__hover_enabled=&#8220;off&#8220; button_one_text_size__hover_enabled=&#8220;off&#8220; button_two_text_size__hover_enabled=&#8220;off&#8220; button_text_color__hover_enabled=&#8220;off&#8220; button_one_text_color__hover_enabled=&#8220;off&#8220; button_two_text_color__hover_enabled=&#8220;off&#8220; button_border_width__hover_enabled=&#8220;off&#8220; button_one_border_width__hover_enabled=&#8220;off&#8220; button_two_border_width__hover_enabled=&#8220;off&#8220; button_border_color__hover_enabled=&#8220;off&#8220; button_one_border_color__hover_enabled=&#8220;off&#8220; button_two_border_color__hover_enabled=&#8220;off&#8220; button_border_radius__hover_enabled=&#8220;off&#8220; button_one_border_radius__hover_enabled=&#8220;off&#8220; button_two_border_radius__hover_enabled=&#8220;off&#8220; button_letter_spacing__hover_enabled=&#8220;off&#8220; button_one_letter_spacing__hover_enabled=&#8220;off&#8220; button_two_letter_spacing__hover_enabled=&#8220;off&#8220; button_bg_color__hover_enabled=&#8220;off&#8220; button_one_bg_color__hover_enabled=&#8220;off&#8220; button_two_bg_color__hover_enabled=&#8220;off&#8220;][\/et_pb_contact_field][et_pb_contact_field field_id=&#8220;Name&#8220; field_title=&#8220;Name&#8220; _builder_version=&#8220;4.20.2&#8243; global_colors_info=&#8220;{}&#8220; button_text_size__hover_enabled=&#8220;off&#8220; button_one_text_size__hover_enabled=&#8220;off&#8220; button_two_text_size__hover_enabled=&#8220;off&#8220; button_text_color__hover_enabled=&#8220;off&#8220; button_one_text_color__hover_enabled=&#8220;off&#8220; button_two_text_color__hover_enabled=&#8220;off&#8220; button_border_width__hover_enabled=&#8220;off&#8220; button_one_border_width__hover_enabled=&#8220;off&#8220; button_two_border_width__hover_enabled=&#8220;off&#8220; button_border_color__hover_enabled=&#8220;off&#8220; button_one_border_color__hover_enabled=&#8220;off&#8220; button_two_border_color__hover_enabled=&#8220;off&#8220; button_border_radius__hover_enabled=&#8220;off&#8220; button_one_border_radius__hover_enabled=&#8220;off&#8220; button_two_border_radius__hover_enabled=&#8220;off&#8220; button_letter_spacing__hover_enabled=&#8220;off&#8220; button_one_letter_spacing__hover_enabled=&#8220;off&#8220; button_two_letter_spacing__hover_enabled=&#8220;off&#8220; button_bg_color__hover_enabled=&#8220;off&#8220; button_one_bg_color__hover_enabled=&#8220;off&#8220; button_two_bg_color__hover_enabled=&#8220;off&#8220;][\/et_pb_contact_field][et_pb_contact_field field_id=&#8220;Email&#8220; field_title=&#8220;deine@mailadresse.ch&#8220; field_type=&#8220;email&#8220; _builder_version=&#8220;4.20.2&#8243; global_colors_info=&#8220;{}&#8220; button_text_size__hover_enabled=&#8220;off&#8220; button_one_text_size__hover_enabled=&#8220;off&#8220; button_two_text_size__hover_enabled=&#8220;off&#8220; button_text_color__hover_enabled=&#8220;off&#8220; button_one_text_color__hover_enabled=&#8220;off&#8220; button_two_text_color__hover_enabled=&#8220;off&#8220; button_border_width__hover_enabled=&#8220;off&#8220; button_one_border_width__hover_enabled=&#8220;off&#8220; button_two_border_width__hover_enabled=&#8220;off&#8220; button_border_color__hover_enabled=&#8220;off&#8220; button_one_border_color__hover_enabled=&#8220;off&#8220; button_two_border_color__hover_enabled=&#8220;off&#8220; button_border_radius__hover_enabled=&#8220;off&#8220; button_one_border_radius__hover_enabled=&#8220;off&#8220; button_two_border_radius__hover_enabled=&#8220;off&#8220; button_letter_spacing__hover_enabled=&#8220;off&#8220; button_one_letter_spacing__hover_enabled=&#8220;off&#8220; button_two_letter_spacing__hover_enabled=&#8220;off&#8220; button_bg_color__hover_enabled=&#8220;off&#8220; button_one_bg_color__hover_enabled=&#8220;off&#8220; button_two_bg_color__hover_enabled=&#8220;off&#8220;][\/et_pb_contact_field][et_pb_contact_field field_id=&#8220;Telefon&#8220; field_title=&#8220;+41 01 234 56 78&#8243; required_mark=&#8220;off&#8220; _builder_version=&#8220;4.20.2&#8243; _module_preset=&#8220;default&#8220; global_colors_info=&#8220;{}&#8220;][\/et_pb_contact_field][et_pb_contact_field field_id=&#8220;Message&#8220; field_title=&#8220;Deine Nachricht oder dein Anliegen&#8220; field_type=&#8220;text&#8220; fullwidth_field=&#8220;on&#8220; _builder_version=&#8220;4.20.2&#8243; global_colors_info=&#8220;{}&#8220; button_text_size__hover_enabled=&#8220;off&#8220; button_one_text_size__hover_enabled=&#8220;off&#8220; button_two_text_size__hover_enabled=&#8220;off&#8220; button_text_color__hover_enabled=&#8220;off&#8220; button_one_text_color__hover_enabled=&#8220;off&#8220; button_two_text_color__hover_enabled=&#8220;off&#8220; button_border_width__hover_enabled=&#8220;off&#8220; button_one_border_width__hover_enabled=&#8220;off&#8220; button_two_border_width__hover_enabled=&#8220;off&#8220; button_border_color__hover_enabled=&#8220;off&#8220; button_one_border_color__hover_enabled=&#8220;off&#8220; button_two_border_color__hover_enabled=&#8220;off&#8220; button_border_radius__hover_enabled=&#8220;off&#8220; button_one_border_radius__hover_enabled=&#8220;off&#8220; button_two_border_radius__hover_enabled=&#8220;off&#8220; button_letter_spacing__hover_enabled=&#8220;off&#8220; button_one_letter_spacing__hover_enabled=&#8220;off&#8220; button_two_letter_spacing__hover_enabled=&#8220;off&#8220; button_bg_color__hover_enabled=&#8220;off&#8220; button_one_bg_color__hover_enabled=&#8220;off&#8220; button_two_bg_color__hover_enabled=&#8220;off&#8220;][\/et_pb_contact_field][et_pb_contact_field field_id=&#8220;Datenschutz&#8220; field_title=&#8220;Datenschutz&#8220; field_type=&#8220;checkbox&#8220; checkbox_options=&#8220;%91{%22value%22:%22Ich stimme der Datenschutzerkl\u00e4rung zu%22,%22checked%22:0,%22dragID%22:-1,%22link_url%22:%22https:\/\/www.fischerruedi.ch\/?page_id=359%22}%93&#8243; fullwidth_field=&#8220;on&#8220; _builder_version=&#8220;4.20.2&#8243; _module_preset=&#8220;default&#8220; global_colors_info=&#8220;{}&#8220;][\/et_pb_contact_field][\/et_pb_contact_form][\/et_pb_column][\/et_pb_row][\/et_pb_section]<\/p>\n","protected":false},"excerpt":{"rendered":"<p>Ganz nach meinem Motto &#8222;Zersch z\u00e4m\u00e4 rede&#8220; suche ich den pers\u00f6nlichen Kontakt. Schreibe mir oder rufe mich an, ich freue mich, von dir zu h\u00f6ren.<\/p>\n","protected":false},"author":1,"featured_media":0,"parent":0,"menu_order":0,"comment_status":"closed","ping_status":"closed","template":"","meta":{"_et_pb_use_builder":"on","_et_pb_old_content":"<!-- wp:paragraph -->\n<p>Ganz nach meinem Motto \"Zersch z\u00e4m\u00e4 rede\" suche ich den pers\u00f6nlichen Kontakt.<\/p>\n<!-- \/wp:paragraph -->\n\n<!-- wp:paragraph -->\n<p>Ruedi Fischer<br>Solothurnstrasse 39<br>3315 B\u00e4tterkinden<\/p>\n<!-- \/wp:paragraph -->\n\n<!-- wp:paragraph -->\n<p>+41 79 270 60 38<br><a href=\"mailto:ruedi@rvfischer.ch\">ruedi@rvfischer.ch<\/a><\/p>\n<!-- \/wp:paragraph -->","_et_gb_content_width":"1080","footnotes":""},"class_list":["post-149","page","type-page","status-publish","hentry"],"yoast_head":"<!-- This site is optimized with the Yoast SEO plugin v27.4 - https:\/\/yoast.com\/product\/yoast-seo-wordpress\/ -->\n<title>Kontakt - Fischer Ruedi<\/title>\n<meta name=\"description\" content=\"Fischer Ruedi Kontakt Fischer Ruedi Grossratswahl B\u00e4tterkinden SVP Untere Emme Landwirt Grossratswahlen 2022 kanton bern Politik bern\" \/>\n<meta name=\"robots\" content=\"index, follow, max-snippet:-1, max-image-preview:large, max-video-preview:-1\" \/>\n<link rel=\"canonical\" href=\"https:\/\/www.fischerruedi.ch\/?page_id=149\" \/>\n<meta property=\"og:locale\" content=\"de_DE\" \/>\n<meta property=\"og:type\" content=\"article\" \/>\n<meta property=\"og:title\" content=\"Kontakt - Fischer Ruedi\" \/>\n<meta property=\"og:description\" content=\"Fischer Ruedi Kontakt Fischer Ruedi Grossratswahl B\u00e4tterkinden SVP Untere Emme Landwirt Grossratswahlen 2022 kanton bern Politik bern\" \/>\n<meta property=\"og:url\" content=\"https:\/\/www.fischerruedi.ch\/?page_id=149\" \/>\n<meta property=\"og:site_name\" content=\"Fischer Ruedi\" \/>\n<meta property=\"article:modified_time\" content=\"2025-05-02T08:58:40+00:00\" \/>\n<meta name=\"twitter:card\" content=\"summary_large_image\" \/>\n<meta name=\"twitter:label1\" content=\"Gesch\u00e4tzte Lesezeit\" \/>\n\t<meta name=\"twitter:data1\" content=\"1\u00a0Minute\" \/>\n<script type=\"application\/ld+json\" class=\"yoast-schema-graph\">{\"@context\":\"https:\\\/\\\/schema.org\",\"@graph\":[{\"@type\":\"WebPage\",\"@id\":\"https:\\\/\\\/www.fischerruedi.ch\\\/?page_id=149\",\"url\":\"https:\\\/\\\/www.fischerruedi.ch\\\/?page_id=149\",\"name\":\"Kontakt - Fischer Ruedi\",\"isPartOf\":{\"@id\":\"https:\\\/\\\/www.fischerruedi.ch\\\/#website\"},\"datePublished\":\"2022-01-20T19:25:41+00:00\",\"dateModified\":\"2025-05-02T08:58:40+00:00\",\"description\":\"Fischer Ruedi Kontakt Fischer Ruedi Grossratswahl B\u00e4tterkinden SVP Untere Emme Landwirt Grossratswahlen 2022 kanton bern Politik bern\",\"breadcrumb\":{\"@id\":\"https:\\\/\\\/www.fischerruedi.ch\\\/?page_id=149#breadcrumb\"},\"inLanguage\":\"de\",\"potentialAction\":[{\"@type\":\"ReadAction\",\"target\":[\"https:\\\/\\\/www.fischerruedi.ch\\\/?page_id=149\"]}]},{\"@type\":\"BreadcrumbList\",\"@id\":\"https:\\\/\\\/www.fischerruedi.ch\\\/?page_id=149#breadcrumb\",\"itemListElement\":[{\"@type\":\"ListItem\",\"position\":1,\"name\":\"Startseite\",\"item\":\"https:\\\/\\\/www.fischerruedi.ch\\\/\"},{\"@type\":\"ListItem\",\"position\":2,\"name\":\"Kontakt\"}]},{\"@type\":\"WebSite\",\"@id\":\"https:\\\/\\\/www.fischerruedi.ch\\\/#website\",\"url\":\"https:\\\/\\\/www.fischerruedi.ch\\\/\",\"name\":\"Fischer Ruedi\",\"description\":\"Grossrat Kanton Bern\",\"publisher\":{\"@id\":\"https:\\\/\\\/www.fischerruedi.ch\\\/#organization\"},\"potentialAction\":[{\"@type\":\"SearchAction\",\"target\":{\"@type\":\"EntryPoint\",\"urlTemplate\":\"https:\\\/\\\/www.fischerruedi.ch\\\/?s={search_term_string}\"},\"query-input\":{\"@type\":\"PropertyValueSpecification\",\"valueRequired\":true,\"valueName\":\"search_term_string\"}}],\"inLanguage\":\"de\"},{\"@type\":\"Organization\",\"@id\":\"https:\\\/\\\/www.fischerruedi.ch\\\/#organization\",\"name\":\"Fischer Ruedi\",\"url\":\"https:\\\/\\\/www.fischerruedi.ch\\\/\",\"logo\":{\"@type\":\"ImageObject\",\"inLanguage\":\"de\",\"@id\":\"https:\\\/\\\/www.fischerruedi.ch\\\/#\\\/schema\\\/logo\\\/image\\\/\",\"url\":\"https:\\\/\\\/www.fischerruedi.ch\\\/wp-content\\\/uploads\\\/2022\\\/01\\\/Hohlraum_plakat_Ruedi.jpg\",\"contentUrl\":\"https:\\\/\\\/www.fischerruedi.ch\\\/wp-content\\\/uploads\\\/2022\\\/01\\\/Hohlraum_plakat_Ruedi.jpg\",\"width\":1200,\"height\":1714,\"caption\":\"Fischer Ruedi\"},\"image\":{\"@id\":\"https:\\\/\\\/www.fischerruedi.ch\\\/#\\\/schema\\\/logo\\\/image\\\/\"}}]}<\/script>\n<!-- \/ Yoast SEO plugin. -->","yoast_head_json":{"title":"Kontakt - Fischer Ruedi","description":"Fischer Ruedi Kontakt Fischer Ruedi Grossratswahl B\u00e4tterkinden SVP Untere Emme Landwirt Grossratswahlen 2022 kanton bern Politik bern","robots":{"index":"index","follow":"follow","max-snippet":"max-snippet:-1","max-image-preview":"max-image-preview:large","max-video-preview":"max-video-preview:-1"},"canonical":"https:\/\/www.fischerruedi.ch\/?page_id=149","og_locale":"de_DE","og_type":"article","og_title":"Kontakt - Fischer Ruedi","og_description":"Fischer Ruedi Kontakt Fischer Ruedi Grossratswahl B\u00e4tterkinden SVP Untere Emme Landwirt Grossratswahlen 2022 kanton bern Politik bern","og_url":"https:\/\/www.fischerruedi.ch\/?page_id=149","og_site_name":"Fischer Ruedi","article_modified_time":"2025-05-02T08:58:40+00:00","twitter_card":"summary_large_image","twitter_misc":{"Gesch\u00e4tzte Lesezeit":"1\u00a0Minute"},"schema":{"@context":"https:\/\/schema.org","@graph":[{"@type":"WebPage","@id":"https:\/\/www.fischerruedi.ch\/?page_id=149","url":"https:\/\/www.fischerruedi.ch\/?page_id=149","name":"Kontakt - Fischer Ruedi","isPartOf":{"@id":"https:\/\/www.fischerruedi.ch\/#website"},"datePublished":"2022-01-20T19:25:41+00:00","dateModified":"2025-05-02T08:58:40+00:00","description":"Fischer Ruedi Kontakt Fischer Ruedi Grossratswahl B\u00e4tterkinden SVP Untere Emme Landwirt Grossratswahlen 2022 kanton bern Politik bern","breadcrumb":{"@id":"https:\/\/www.fischerruedi.ch\/?page_id=149#breadcrumb"},"inLanguage":"de","potentialAction":[{"@type":"ReadAction","target":["https:\/\/www.fischerruedi.ch\/?page_id=149"]}]},{"@type":"BreadcrumbList","@id":"https:\/\/www.fischerruedi.ch\/?page_id=149#breadcrumb","itemListElement":[{"@type":"ListItem","position":1,"name":"Startseite","item":"https:\/\/www.fischerruedi.ch\/"},{"@type":"ListItem","position":2,"name":"Kontakt"}]},{"@type":"WebSite","@id":"https:\/\/www.fischerruedi.ch\/#website","url":"https:\/\/www.fischerruedi.ch\/","name":"Fischer Ruedi","description":"Grossrat Kanton Bern","publisher":{"@id":"https:\/\/www.fischerruedi.ch\/#organization"},"potentialAction":[{"@type":"SearchAction","target":{"@type":"EntryPoint","urlTemplate":"https:\/\/www.fischerruedi.ch\/?s={search_term_string}"},"query-input":{"@type":"PropertyValueSpecification","valueRequired":true,"valueName":"search_term_string"}}],"inLanguage":"de"},{"@type":"Organization","@id":"https:\/\/www.fischerruedi.ch\/#organization","name":"Fischer Ruedi","url":"https:\/\/www.fischerruedi.ch\/","logo":{"@type":"ImageObject","inLanguage":"de","@id":"https:\/\/www.fischerruedi.ch\/#\/schema\/logo\/image\/","url":"https:\/\/www.fischerruedi.ch\/wp-content\/uploads\/2022\/01\/Hohlraum_plakat_Ruedi.jpg","contentUrl":"https:\/\/www.fischerruedi.ch\/wp-content\/uploads\/2022\/01\/Hohlraum_plakat_Ruedi.jpg","width":1200,"height":1714,"caption":"Fischer Ruedi"},"image":{"@id":"https:\/\/www.fischerruedi.ch\/#\/schema\/logo\/image\/"}}]}},"_links":{"self":[{"href":"https:\/\/www.fischerruedi.ch\/index.php?rest_route=\/wp\/v2\/pages\/149","targetHints":{"allow":["GET"]}}],"collection":[{"href":"https:\/\/www.fischerruedi.ch\/index.php?rest_route=\/wp\/v2\/pages"}],"about":[{"href":"https:\/\/www.fischerruedi.ch\/index.php?rest_route=\/wp\/v2\/types\/page"}],"author":[{"embeddable":true,"href":"https:\/\/www.fischerruedi.ch\/index.php?rest_route=\/wp\/v2\/users\/1"}],"replies":[{"embeddable":true,"href":"https:\/\/www.fischerruedi.ch\/index.php?rest_route=%2Fwp%2Fv2%2Fcomments&post=149"}],"version-history":[{"count":23,"href":"https:\/\/www.fischerruedi.ch\/index.php?rest_route=\/wp\/v2\/pages\/149\/revisions"}],"predecessor-version":[{"id":277897,"href":"https:\/\/www.fischerruedi.ch\/index.php?rest_route=\/wp\/v2\/pages\/149\/revisions\/277897"}],"wp:attachment":[{"href":"https:\/\/www.fischerruedi.ch\/index.php?rest_route=%2Fwp%2Fv2%2Fmedia&parent=149"}],"curies":[{"name":"wp","href":"https:\/\/api.w.org\/{rel}","templated":true}]}}